{"id":894,"date":"2025-07-27T15:52:50","date_gmt":"2025-07-27T13:52:50","guid":{"rendered":"https:\/\/rorqual.studio\/?page_id=894"},"modified":"2025-11-04T19:46:36","modified_gmt":"2025-11-04T18:46:36","slug":"mentions-legales-credits","status":"publish","type":"page","link":"https:\/\/rorqual.studio\/en\/mentions-legales-credits\/","title":{"rendered":"Legal notices and credits"},"content":{"rendered":"<div style=\"height:100px\" aria-hidden=\"true\" class=\"wp-block-spacer\"><\/div>\n\n\n\n<h1 class=\"wp-block-heading has-large-plus-font-size\">Legal notices and credits<\/h1>\n\n\n\n<h3 class=\"wp-block-heading\">Site publisher<\/h3>\n\n\n\n<p><strong>Rorqual Studio<br><\/strong>SASU with capital of \u20ac1000<br>Registered with the Chartres RCS under number 998 990 719<br>Publication director: Michael Neveu<br>Contact: <a href=\"https:\/\/rorqual.studio\/contact\" title=\"Page contact\">rorqual.studio\/contact<\/a><\/p>\n\n\n\n<h3 class=\"wp-block-heading\">Hosting<\/h3>\n\n\n\n<p>The website&nbsp;<a href=\"https:\/\/rorqual.studio\" title=\"Page d'accueil Rorqual Studio\">rorqual.studio<\/a>&nbsp;is hosted by Infomaniak, a Swiss hosting provider recognized for its efforts in reducing environmental impact and its commitment to privacy and data confidentiality.<\/p>\n\n\n\n<p><strong>Infomaniak<br><\/strong>25 Eug\u00e8ne-Marziano<br>1227 Les Acacias<br>Geneva \u2013 Switzerland<\/p>\n\n\n\n<h3 class=\"wp-block-heading\" id=\"conception-et-realisation\">Conception et r\u00e9alisation<\/h3>\n\n\n\n<p>The website was designed and developed by Rorqual Studio using WordPress and its extensions.<\/p>\n\n\n\n<p>Nous avons cherch\u00e9 \u00e0 limiter l&rsquo;impact environnemental de ce site en utilisant les principes d&rsquo;\u00e9co-conception num\u00e9rique. C&rsquo;est une d\u00e9marche qui s&rsquo;op\u00e8re en continu et nous allons continuer d&rsquo;optimiser ce site en ce sens.<\/p>\n\n\n\n<h3 class=\"wp-block-heading\">Copyright <\/h3>\n\n\n\n<p>This website respects copyright. The entire site falls under French and international copyright and intellectual property legislation. All reproduction rights are reserved, including for downloadable documents and iconographic and photographic representations.<\/p>\n\n\n\n<p>The reproduction of all or part of this site on any electronic medium whatsoever is strictly prohibited, except with the express authorization of the publication director. All trademarks mentioned belong to their respective companies. All videos, posters, logos, thumbnails and images mentioned on these pages are the property of their respective trademarks. Articles are the property of their authors.<\/p>\n\n\n\n<h3 class=\"wp-block-heading\">Logo and typography <\/h3>\n\n\n\n<p>The Rorqual Studio logo and its graphic variations were created by <a href=\"https:\/\/paulieheart.com\/en\" target=\"_blank\" rel=\"noopener\" title=\"Le site web de l'artiste Paulie Heart\">artist Paulie Heart<\/a>.<\/p>\n\n\n\n<p>The typeface used for the logo is Lineal by Frank Adebiaye, with contributions from Anton Moglia, Ariel Mart\u00edn P\u00e9rez. Distributed by velvetyne.fr, under SIL Open Font License, Version 1.1.<\/p>\n\n\n\n<h3 class=\"wp-block-heading\">Photo and visual credits<\/h3>\n\n\n\n<p><strong>Homepage<\/strong><\/p>\n\n\n\n<ul class=\"wp-block-list\">\n<li>Humpback whale underwater \u2013 Photo by Chinh Le Duc<\/li>\n\n\n\n<li>Aerial view of whales in Australia \u2013 Photo by Dmitry Osipenko<\/li>\n\n\n\n<li>Nature alli\u00e9e project visual \u2013 Website screenshots <em>\u00a9<\/em>CPAWS Qu\u00e9bec<\/li>\n\n\n\n<li>Animia project visual \u2013 <em>\u00a9<\/em>Animia<\/li>\n\n\n\n<li>Paulie Heart project visual \u2013 <em>\u00a9<\/em>Paulie Heart<\/li>\n<\/ul>\n\n\n\n<p><strong>Field notes<\/strong><\/p>\n\n\n\n<p>Visuals used for field notes articles are credited directly within the articles.<\/p>\n\n\n\n<div style=\"height:100px\" aria-hidden=\"true\" class=\"wp-block-spacer\"><\/div>","protected":false},"excerpt":{"rendered":"<p>Les mentions l\u00e9gales et cr\u00e9dits relatifs au site web de Rorqual Studio.<\/p>","protected":false},"author":1,"featured_media":1514,"parent":0,"menu_order":0,"comment_status":"closed","ping_status":"closed","template":"page-without-title","meta":{"footnotes":""},"class_list":["post-894","page","type-page","status-publish","has-post-thumbnail","hentry"],"aioseo_notices":[],"_links":{"self":[{"href":"https:\/\/rorqual.studio\/en\/wp-json\/wp\/v2\/pages\/894","targetHints":{"allow":["GET"]}}],"collection":[{"href":"https:\/\/rorqual.studio\/en\/wp-json\/wp\/v2\/pages"}],"about":[{"href":"https:\/\/rorqual.studio\/en\/wp-json\/wp\/v2\/types\/page"}],"author":[{"embeddable":true,"href":"https:\/\/rorqual.studio\/en\/wp-json\/wp\/v2\/users\/1"}],"replies":[{"embeddable":true,"href":"https:\/\/rorqual.studio\/en\/wp-json\/wp\/v2\/comments?post=894"}],"version-history":[{"count":17,"href":"https:\/\/rorqual.studio\/en\/wp-json\/wp\/v2\/pages\/894\/revisions"}],"predecessor-version":[{"id":1884,"href":"https:\/\/rorqual.studio\/en\/wp-json\/wp\/v2\/pages\/894\/revisions\/1884"}],"wp:featuredmedia":[{"embeddable":true,"href":"https:\/\/rorqual.studio\/en\/wp-json\/wp\/v2\/media\/1514"}],"wp:attachment":[{"href":"https:\/\/rorqual.studio\/en\/wp-json\/wp\/v2\/media?parent=894"}],"curies":[{"name":"wp","href":"https:\/\/api.w.org\/{rel}","templated":true}]}}