{"id":571,"date":"2022-03-17T10:27:04","date_gmt":"2022-03-17T10:27:04","guid":{"rendered":"https:\/\/startersites.io\/stagingsix\/?page_id=571"},"modified":"2025-11-03T14:57:41","modified_gmt":"2025-11-03T13:57:41","slug":"contact","status":"publish","type":"page","link":"https:\/\/rorqual.studio\/en\/contact\/","title":{"rendered":"Contact"},"content":{"rendered":"\n<div class=\"wp-block-group alignwide is-layout-flow wp-container-core-group-is-layout-bcf26331 wp-block-group-is-layout-flow\" style=\"padding-top:var(--wp--preset--spacing--70);padding-bottom:var(--wp--preset--spacing--70)\">\n<h1 class=\"wp-block-heading\">Travaillons ensemble<\/h1>\n\n\n\n<p>Nous vous invitons \u00e0 remplir le formulaire ci-dessous pour nous parler de votre projet. Quelque soit son stade d&rsquo;avancement, nous nous ferons un plaisir d&rsquo;\u00e9tudier votre demande afin de vous proposer un accompagnement sur-mesure. Nous avons h\u00e2te d&rsquo;en savoir plus !<\/p>\n\n\n\n<div class=\"wp-block-columns lemmony-mobile-reverse is-layout-flex wp-container-core-columns-is-layout-3e1d588b wp-block-columns-is-layout-flex\" style=\"margin-top:var(--wp--preset--spacing--70)\">\n<div class=\"wp-block-column is-layout-flow wp-block-column-is-layout-flow\">\n<figure class=\"wp-block-image size-large lemmony-mobile-hidden\"><img loading=\"lazy\" decoding=\"async\" width=\"1024\" height=\"1024\" src=\"https:\/\/rorqual.studio\/wp-content\/uploads\/2025\/10\/rorqual_logo_final_1_sunset_1920-1024x1024.png\" alt=\"Rorqual Studio est un studio de conseil et cr\u00e9ation d\u00e9di\u00e9 aux projets \u00e0 impact positif au niveau environnemental, social et culturel, mettant en avant les principes d'\u00e9co-conception, d\u2019accessibilit\u00e9 et d\u2019inclusivit\u00e9.\" class=\"wp-image-1523\" srcset=\"https:\/\/rorqual.studio\/wp-content\/uploads\/2025\/10\/rorqual_logo_final_1_sunset_1920-1024x1024.png 1024w, https:\/\/rorqual.studio\/wp-content\/uploads\/2025\/10\/rorqual_logo_final_1_sunset_1920-300x300.png 300w, https:\/\/rorqual.studio\/wp-content\/uploads\/2025\/10\/rorqual_logo_final_1_sunset_1920-150x150.png 150w, https:\/\/rorqual.studio\/wp-content\/uploads\/2025\/10\/rorqual_logo_final_1_sunset_1920-768x768.png 768w, https:\/\/rorqual.studio\/wp-content\/uploads\/2025\/10\/rorqual_logo_final_1_sunset_1920-1536x1536.png 1536w, https:\/\/rorqual.studio\/wp-content\/uploads\/2025\/10\/rorqual_logo_final_1_sunset_1920-12x12.png 12w, https:\/\/rorqual.studio\/wp-content\/uploads\/2025\/10\/rorqual_logo_final_1_sunset_1920.png 1920w\" sizes=\"auto, (max-width: 1024px) 100vw, 1024px\" \/><\/figure>\n<\/div>\n\n\n\n<div class=\"wp-block-column is-layout-flow wp-block-column-is-layout-flow\"><style id=\"wpforms-css-vars-1556\">\n\t\t\t\t#wpforms-1556 {\n\t\t\t\t--wpforms-field-border-color: rgba(0, 0, 0, 0.25);\n--wpforms-field-border-color-spare: rgba(0, 0, 0, 0.25);\n--wpforms-field-text-color: rgba(0, 0, 0, 0.7);\n--wpforms-label-color: rgba(0, 0, 0, 0.85);\n--wpforms-label-sublabel-color: rgba(0, 0, 0, 0.55);\n--wpforms-button-background-color: #EF5A1B;\n--wpforms-container-padding: 0px;\n--wpforms-container-border-width: 1px;\n--wpforms-container-border-radius: 3px;\n--wpforms-background-color: rgba(0, 0, 0, 0);\n--wpforms-field-size-input-height: 43px;\n--wpforms-field-size-input-spacing: 15px;\n--wpforms-field-size-font-size: 16px;\n--wpforms-field-size-line-height: 19px;\n--wpforms-field-size-padding-h: 14px;\n--wpforms-field-size-checkbox-size: 16px;\n--wpforms-field-size-sublabel-spacing: 5px;\n--wpforms-field-size-icon-size: 1;\n--wpforms-label-size-font-size: 18px;\n--wpforms-label-size-line-height: 21px;\n--wpforms-label-size-sublabel-font-size: 16px;\n--wpforms-label-size-sublabel-line-height: 19px;\n--wpforms-button-size-font-size: 20px;\n--wpforms-button-size-height: 48px;\n--wpforms-button-size-padding-h: 20px;\n--wpforms-button-size-margin-top: 15px;\n--wpforms-container-shadow-size-box-shadow: none;\n\t\t\t}\n\t\t\t<\/style><div class=\"wpforms-container wpforms-container-full wpforms-render-modern\" id=\"wpforms-1556\"><form id=\"wpforms-form-1556\" class=\"wpforms-validate wpforms-form wpforms-ajax-form\" data-formid=\"1556\" method=\"post\" enctype=\"multipart\/form-data\" action=\"\/en\/wp-json\/wp\/v2\/pages\/571\" data-token=\"99d75b88955623546327dc935b5a30ed\" data-token-time=\"1775607892\"><noscript class=\"wpforms-error-noscript\">Please enable JavaScript in your browser to complete this form.<\/noscript><div id=\"wpforms-error-noscript\" style=\"display: none;\">Please enable JavaScript in your browser to complete this form.<\/div><div class=\"wpforms-field-container\"><div id=\"wpforms-1556-field_1-container\" class=\"wpforms-field wpforms-field-name\" data-field-id=\"1\"><fieldset><legend class=\"wpforms-field-label\">Votre nom<\/legend><div class=\"wpforms-field-row wpforms-field-medium\"><div class=\"wpforms-field-row-block wpforms-first wpforms-one-half\"><input type=\"text\" id=\"wpforms-1556-field_1\" class=\"wpforms-field-name-first\" name=\"wpforms[fields][1][first]\" aria-errormessage=\"wpforms-1556-field_1-error\" ><label for=\"wpforms-1556-field_1\" class=\"wpforms-field-sublabel after\">First<\/label><\/div><div class=\"wpforms-field-row-block wpforms-one-half\"><input type=\"text\" id=\"wpforms-1556-field_1-last\" class=\"wpforms-field-name-last\" name=\"wpforms[fields][1][last]\" aria-errormessage=\"wpforms-1556-field_1-last-error\" ><label for=\"wpforms-1556-field_1-last\" class=\"wpforms-field-sublabel after\">Last<\/label><\/div><\/div><\/fieldset><\/div><div id=\"wpforms-1556-field_4-container\" class=\"wpforms-field wpforms-field-text\" data-field-id=\"4\"><label class=\"wpforms-field-label\" for=\"wpforms-1556-field_4\">Votre organisation<\/label><input type=\"text\" id=\"wpforms-1556-field_4\" class=\"wpforms-field-medium\" name=\"wpforms[fields][4]\" aria-errormessage=\"wpforms-1556-field_4-error\" aria-describedby=\"wpforms-1556-field_4-description\" ><div id=\"wpforms-1556-field_4-description\" class=\"wpforms-field-description\">Le cas \u00e9ch\u00e9ant<\/div><\/div><div id=\"wpforms-1556-field_2-container\" class=\"wpforms-field wpforms-field-email\" data-field-id=\"2\"><label class=\"wpforms-field-label\" for=\"wpforms-1556-field_2\">Votre courriel <span class=\"wpforms-required-label\" aria-hidden=\"true\">*<\/span><\/label><input type=\"email\" id=\"wpforms-1556-field_2\" class=\"wpforms-field-medium wpforms-field-required\" name=\"wpforms[fields][2]\" spellcheck=\"false\" aria-errormessage=\"wpforms-1556-field_2-error\" required><\/div>\t\t<div id=\"wpforms-1556-field_5-container\"\n\t\t\tclass=\"wpforms-field wpforms-field-text\"\n\t\t\tdata-field-type=\"text\"\n\t\t\tdata-field-id=\"5\"\n\t\t\t>\n\t\t\t<label class=\"wpforms-field-label\" for=\"wpforms-1556-field_5\" >courriel message Votre<\/label>\n\t\t\t<input type=\"text\" id=\"wpforms-1556-field_5\" class=\"wpforms-field-medium\" name=\"wpforms[fields][5]\" >\n\t\t<\/div>\n\t\t<div id=\"wpforms-1556-field_3-container\" class=\"wpforms-field wpforms-field-textarea\" data-field-id=\"3\"><label class=\"wpforms-field-label\" for=\"wpforms-1556-field_3\">Votre message <span class=\"wpforms-required-label\" aria-hidden=\"true\">*<\/span><\/label><textarea id=\"wpforms-1556-field_3\" class=\"wpforms-field-medium wpforms-field-required\" name=\"wpforms[fields][3]\" aria-errormessage=\"wpforms-1556-field_3-error\" required><\/textarea><\/div><script>\n\t\t\t\t( function() {\n\t\t\t\t\tconst style = document.createElement( 'style' );\n\t\t\t\t\tstyle.appendChild( document.createTextNode( '#wpforms-1556-field_5-container { position: absolute !important; overflow: hidden !important; display: inline !important; height: 1px !important; width: 1px !important; z-index: -1000 !important; padding: 0 !important; } #wpforms-1556-field_5-container input { visibility: hidden; } #wpforms-conversational-form-page #wpforms-1556-field_5-container label { counter-increment: none; }' ) );\n\t\t\t\t\tdocument.head.appendChild( style );\n\t\t\t\t\tdocument.currentScript?.remove();\n\t\t\t\t} )();\n\t\t\t<\/script><\/div><!-- .wpforms-field-container --><div class=\"wpforms-submit-container\" ><input type=\"hidden\" name=\"wpforms[id]\" value=\"1556\"><input type=\"hidden\" name=\"page_title\" value=\"\"><input type=\"hidden\" name=\"page_url\" value=\"https:\/\/rorqual.studio\/en\/wp-json\/wp\/v2\/pages\/571\"><input type=\"hidden\" name=\"url_referer\" value=\"\"><button type=\"submit\" name=\"wpforms[submit]\" id=\"wpforms-submit-1556\" class=\"wpforms-submit\" data-alt-text=\"Envoi...\" data-submit-text=\"Envoyer\" aria-live=\"assertive\" value=\"wpforms-submit\">Envoyer<\/button><img loading=\"lazy\" decoding=\"async\" src=\"https:\/\/rorqual.studio\/wp-content\/plugins\/wpforms-lite\/assets\/images\/submit-spin.svg\" class=\"wpforms-submit-spinner\" style=\"display: none;\" width=\"26\" height=\"26\" alt=\"Loading\"><\/div><\/form><\/div>  <!-- .wpforms-container -->\n<\/div>\n<\/div>\n<\/div>\n","protected":false},"excerpt":{"rendered":"<p>Travaillons ensemble Nous vous invitons \u00e0 remplir le formulaire ci-dessous pour nous parler de votre projet. Quelque soit son stade d&rsquo;avancement, nous nous ferons un plaisir d&rsquo;\u00e9tudier votre demande afin de vous proposer un accompagnement sur-mesure. Nous avons h\u00e2te d&rsquo;en savoir plus !<\/p>","protected":false},"author":1,"featured_media":1514,"parent":0,"menu_order":0,"comment_status":"closed","ping_status":"closed","template":"page-without-footer","meta":{"footnotes":""},"class_list":["post-571","page","type-page","status-publish","has-post-thumbnail","hentry"],"aioseo_notices":[],"_links":{"self":[{"href":"https:\/\/rorqual.studio\/en\/wp-json\/wp\/v2\/pages\/571","targetHints":{"allow":["GET"]}}],"collection":[{"href":"https:\/\/rorqual.studio\/en\/wp-json\/wp\/v2\/pages"}],"about":[{"href":"https:\/\/rorqual.studio\/en\/wp-json\/wp\/v2\/types\/page"}],"author":[{"embeddable":true,"href":"https:\/\/rorqual.studio\/en\/wp-json\/wp\/v2\/users\/1"}],"replies":[{"embeddable":true,"href":"https:\/\/rorqual.studio\/en\/wp-json\/wp\/v2\/comments?post=571"}],"version-history":[{"count":43,"href":"https:\/\/rorqual.studio\/en\/wp-json\/wp\/v2\/pages\/571\/revisions"}],"predecessor-version":[{"id":1805,"href":"https:\/\/rorqual.studio\/en\/wp-json\/wp\/v2\/pages\/571\/revisions\/1805"}],"wp:featuredmedia":[{"embeddable":true,"href":"https:\/\/rorqual.studio\/en\/wp-json\/wp\/v2\/media\/1514"}],"wp:attachment":[{"href":"https:\/\/rorqual.studio\/en\/wp-json\/wp\/v2\/media?parent=571"}],"curies":[{"name":"wp","href":"https:\/\/api.w.org\/{rel}","templated":true}]}}