{"id":1271,"date":"2025-10-21T15:42:02","date_gmt":"2025-10-21T13:42:02","guid":{"rendered":"https:\/\/rorqual.studio\/about-us\/"},"modified":"2025-11-04T18:39:20","modified_gmt":"2025-11-04T17:39:20","slug":"accessibilite","status":"publish","type":"page","link":"https:\/\/rorqual.studio\/en\/accessibilite\/","title":{"rendered":"Accessibility"},"content":{"rendered":"<div style=\"height:100px\" aria-hidden=\"true\" class=\"wp-block-spacer\"><\/div>\n\n\n\n<div class=\"wp-block-group has-global-padding is-layout-constrained wp-block-group-is-layout-constrained\">\n<h1 class=\"wp-block-heading has-large-plus-font-size\">Accessibility statement for Rorqual Studio<\/h1>\n\n\n\n<p>Rorqual Studio is committed to continuously improving the user experience for everyone by applying relevant accessibility standards.<\/p>\n\n\n\n<p><em>Last update: 25\/10\/2025<\/em><\/p>\n\n\n\n<h2 class=\"wp-block-heading has-medium-plus-font-size\">Compliance status<\/h2>\n\n\n\n<p class=\"has-link-color wp-elements-e8ea9ebcb973095205425d59346945d9\"><a href=\"https:\/\/www.w3.org\/WAI\/standards-guidelines\/wcag\/\" target=\"_blank\" rel=\"noopener\" title=\"\"><span style=\"text-decoration: underline;\">The Web Content Accessibility Guidelines (WCAG)<\/span><\/a> define requirements for designers and developers to improve accessibility for people with disabilities. They define three levels of conformance: Level A, Level AA, and Level AAA.<\/p>\n\n\n\n<p>Rorqual Studio makes ongoing efforts to improve the accessibility of its website and services, convinced that it is our collective moral obligation to enable smooth, accessible, and unhindered use for those of us with disabilities.<\/p>\n\n\n\n<p>We aim to make all pages and content on rorqual.studio accessible, but some content may not yet fully meet the highest accessibility standards. This may be due to challenges in identifying the most appropriate technological solution.<\/p>\n\n\n\n<p>We may revise this Statement periodically to reflect improvements or changes to our accessibility practices.<\/p>\n\n\n\n<h2 class=\"wp-block-heading has-medium-plus-font-size\">Feedback on website's accessibility<\/h2>\n\n\n\n<p>We welcome your feedback on the accessibility of the Rorqual Studio website. Please let us know if you encounter accessibility barriers on our site.<\/p>\n\n\n\n<p class=\"has-link-color wp-elements-0aafd744ebfd21d40d7f41765a661e49\">Contact: <a href=\"https:\/\/rorqual.studio\/contact\" title=\"Page contact Rorqual Studio\"><span style=\"text-decoration: underline;\">rorqual.studio\/contact<\/span><\/a><\/p>\n<\/div>\n\n\n\n<div style=\"height:100px\" aria-hidden=\"true\" class=\"wp-block-spacer\"><\/div>","protected":false},"excerpt":{"rendered":"<p>D\u00e9claration d&rsquo;accessibilit\u00e9 de Rorqual Studio Rorqual Studio s&rsquo;engage \u00e0 continuellement am\u00e9liorer l&rsquo;exp\u00e9rience utilisateur pour toutes et tous en appliquant les normes d&rsquo;accessibilit\u00e9 pertinentes. Derni\u00e8re mise \u00e0 jour : 25\/10\/2025 \u00c9tat de conformit\u00e9 Les R\u00e8gles pour l&rsquo;accessibilit\u00e9 des contenus Web (WCAG) d\u00e9finissent les exigences pour les concepteurs et d\u00e9veloppeurs afin d&rsquo;am\u00e9liorer l&rsquo;accessibilit\u00e9 pour les personnes en [&hellip;]<\/p>\n","protected":false},"author":1,"featured_media":1514,"parent":0,"menu_order":0,"comment_status":"closed","ping_status":"closed","template":"page-without-title","meta":{"footnotes":""},"class_list":["post-1271","page","type-page","status-publish","has-post-thumbnail","hentry"],"aioseo_notices":[],"_links":{"self":[{"href":"https:\/\/rorqual.studio\/en\/wp-json\/wp\/v2\/pages\/1271","targetHints":{"allow":["GET"]}}],"collection":[{"href":"https:\/\/rorqual.studio\/en\/wp-json\/wp\/v2\/pages"}],"about":[{"href":"https:\/\/rorqual.studio\/en\/wp-json\/wp\/v2\/types\/page"}],"author":[{"embeddable":true,"href":"https:\/\/rorqual.studio\/en\/wp-json\/wp\/v2\/users\/1"}],"replies":[{"embeddable":true,"href":"https:\/\/rorqual.studio\/en\/wp-json\/wp\/v2\/comments?post=1271"}],"version-history":[{"count":11,"href":"https:\/\/rorqual.studio\/en\/wp-json\/wp\/v2\/pages\/1271\/revisions"}],"predecessor-version":[{"id":1868,"href":"https:\/\/rorqual.studio\/en\/wp-json\/wp\/v2\/pages\/1271\/revisions\/1868"}],"wp:featuredmedia":[{"embeddable":true,"href":"https:\/\/rorqual.studio\/en\/wp-json\/wp\/v2\/media\/1514"}],"wp:attachment":[{"href":"https:\/\/rorqual.studio\/en\/wp-json\/wp\/v2\/media?parent=1271"}],"curies":[{"name":"wp","href":"https:\/\/api.w.org\/{rel}","templated":true}]}}