{"id":1042,"date":"2025-07-27T15:16:07","date_gmt":"2025-07-27T13:16:07","guid":{"rendered":"https:\/\/rorqual.studio\/?page_id=1042"},"modified":"2025-11-04T19:42:23","modified_gmt":"2025-11-04T18:42:23","slug":"confidentialite","status":"publish","type":"page","link":"https:\/\/rorqual.studio\/en\/confidentialite\/","title":{"rendered":"Cookies and privacy"},"content":{"rendered":"<div style=\"height:100px\" aria-hidden=\"true\" class=\"wp-block-spacer\"><\/div>\n\n\n\n<h1 class=\"wp-block-heading has-large-plus-font-size\">Cookies and privacy<\/h1>\n\n\n\n<p>This page is not translated yet, but you can use your browser to translate it if needed. Last update of this policy: 4 nov 2025.<\/p>\n\n\n\n<h3 class=\"wp-block-heading\">1 \u2013 Introduction<\/h3>\n\n\n\n<p>Notre site web, <a href=\"https:\/\/rorqual.studio\" title=\"Page d'accueil du site Rorqual Studio\">rorqual.studio<\/a> (ci-apr\u00e8s : \u00ab le site web \u00bb) utilise des cookies et autres technologies li\u00e9es (par simplification, toutes ces technologies sont d\u00e9sign\u00e9es par le terme \u00ab cookies \u00bb). Des cookies sont \u00e9galement plac\u00e9s par des tierces parties que nous avons engag\u00e9es. Dans le document ci-dessous, nous vous informons de l\u2019utilisation des cookies sur notre site web et de la gestion de vos donn\u00e9es personnelles.<\/p>\n\n\n\n<h3 class=\"wp-block-heading\">2 &#8211; Que sont les cookies ?<\/h3>\n\n\n\n<p>Un cookie est un petit fichier simple envoy\u00e9 avec les pages de ce site web et stock\u00e9 par votre navigateur sur le disque dur de votre ordinateur ou d\u2019un autre appareil. Les informations qui y sont stock\u00e9es peuvent \u00eatre renvoy\u00e9es \u00e0 nos serveurs ou aux serveurs des tierces parties concern\u00e9es lors d\u2019une visite ult\u00e9rieure.<\/p>\n\n\n\n<h3 class=\"wp-block-heading\">3 &#8211; Tierces parties<\/h3>\n\n\n\n<p>Nous utilisons des services et fonctionnalit\u00e9s d\u2019autres entreprises pla\u00e7ant des cookies. Cependant, nous ne pouvons garantir que ces tierces parties g\u00e8rent vos donn\u00e9es personnelles de mani\u00e8re fiable ou s\u00e9curis\u00e9e. Certaines parties telles que Google doivent \u00eatre consid\u00e9r\u00e9es comme des responsables de traitement des donn\u00e9es ind\u00e9pendants. Nous vous recommandons de lire les d\u00e9clarations de confidentialit\u00e9 de ces entreprises.<\/p>\n\n\n\n<h3 class=\"wp-block-heading\">4 &#8211; Cookies que nous utilisons<\/h3>\n\n\n\n<p><strong>Necessary<\/strong>s<\/p>\n\n\n\n<p>Les cookies n\u00e9cessaires sont cruciaux pour les fonctions de base du site Web et celui-ci ne fonctionnera pas comme pr\u00e9vu sans eux. Ces cookies ne stockent aucune donn\u00e9e personnellement identifiable.<\/p>\n\n\n\n<figure class=\"wp-block-table\"><table class=\"has-fixed-layout\"><thead><tr><th>Cookie<\/th><th>Duration<\/th><th>Description<\/th><\/tr><\/thead><tbody><tr><td>wpEmojiSettingsSupports<\/td><td>session<\/td><td>WordPress sets this cookie when a user interacts with emojis on a WordPress site. It helps determine if the user&rsquo;s browser can display emojis properly.<\/td><\/tr><tr><td>cookieyes-consent<\/td><td>1 an<\/td><td>CookieYes place ce t\u00e9moin pour m\u00e9moriser les pr\u00e9f\u00e9rences des utilisateurs en mati\u00e8re de consentement afin que leurs pr\u00e9f\u00e9rences soient respect\u00e9es lors des visites ult\u00e9rieures de ce site. Il ne collecte ni ne stocke aucune information personnelle sur les visiteurs du site.<\/td><\/tr><tr><td>_abck<\/td><td>1 an<\/td><td>This cookie is used to detect and defend when a client attempt to replay a cookie.This cookie manages the interaction with online bots and takes the appropriate actions.<\/td><\/tr><tr><td>bm_sz<\/td><td>4 heure<\/td><td>This cookie is set by the provider Akamai Bot Manager. This cookie is used to manage the interaction with the online bots. It also helps in fraud preventions<\/td><\/tr><tr><td>VISITOR_PRIVACY_METADATA<\/td><td>6 mois<\/td><td>YouTube sets this cookie to store the user&rsquo;s cookie consent state for the current domain.<\/td><\/tr><\/tbody><\/table><\/figure>\n\n\n\n<p><strong>Fonctionnels<\/strong><\/p>\n\n\n\n<p>Les cookies fonctionnels permettent d&rsquo;ex\u00e9cuter certaines fonctionnalit\u00e9s telles que le partage du contenu du site Web sur des plateformes de m\u00e9dias sociaux, la collecte de commentaires et d&rsquo;autres fonctionnalit\u00e9s tierces.<\/p>\n\n\n\n<figure class=\"wp-block-table\"><table class=\"has-fixed-layout\"><thead><tr><th>Cookie<\/th><th>Duration<\/th><th>Description<\/th><\/tr><\/thead><tbody><tr><td>VISITOR_INFO1_LIVE<\/td><td>6 mois<\/td><td>YouTube utilise ce t\u00e9moin pour mesurer la bande passante et d\u00e9terminer si l\u2019utilisateur obtient la nouvelle ou l\u2019ancienne interface du lecteur.<\/td><\/tr><tr><td>yt-remote-connected-devices<\/td><td>N&rsquo;expire jamais<\/td><td>YouTube utilise ce t\u00e9moin pour enregistrer les pr\u00e9f\u00e9rences de l\u2019utilisateur en mati\u00e8re de vid\u00e9o lorsque des vid\u00e9os YouTube sont int\u00e9gr\u00e9es.<\/td><\/tr><tr><td>yt-remote-device-id<\/td><td>N&rsquo;expire jamais<\/td><td>YouTube utilise ce t\u00e9moin pour enregistrer les pr\u00e9f\u00e9rences de l\u2019utilisateur en mati\u00e8re de vid\u00e9o lorsque des vid\u00e9os YouTube sont int\u00e9gr\u00e9es.<\/td><\/tr><tr><td>yt-remote-session-name<\/td><td>session<\/td><td>The yt-remote-session-name cookie is used by YouTube to store the user&rsquo;s video player preferences using embedded YouTube video.<\/td><\/tr><tr><td>yt-remote-fast-check-period<\/td><td>session<\/td><td>The yt-remote-fast-check-period cookie is used by YouTube to store the user&rsquo;s video player preferences for embedded YouTube videos.<\/td><\/tr><tr><td>yt-remote-session-app<\/td><td>session<\/td><td>The yt-remote-session-app cookie is used by YouTube to store user preferences and information about the interface of the embedded YouTube video player.<\/td><\/tr><tr><td>yt-remote-cast-available<\/td><td>session<\/td><td>The yt-remote-cast-available cookie is used to store the user&rsquo;s preferences regarding whether casting is available on their YouTube video player.<\/td><\/tr><tr><td>yt-remote-cast-installed<\/td><td>session<\/td><td>The yt-remote-cast-installed cookie is used to store the user&rsquo;s video player preferences using embedded YouTube video.<\/td><\/tr><\/tbody><\/table><\/figure>\n\n\n\n<p><strong>Analytiques<\/strong><\/p>\n\n\n\n<p>Analytical cookies are used to understand how visitors interact with the website. These cookies help provide information about the number of visitors, bounce rate, traffic source, etc.<\/p>\n\n\n\n<figure class=\"wp-block-table\"><table class=\"has-fixed-layout\"><thead><tr><th>Cookie<\/th><th>Duration<\/th><th>Description<\/th><\/tr><\/thead><tbody><tr><td>_ga<\/td><td>1 an 1 mois 4 jour<\/td><td>Google Analytics utilise ce t\u00e9moin pour calculer les donn\u00e9es relatives aux visiteurs, aux sessions et aux campagnes et suivre l\u2019utilisation du site pour le rapport d\u2019analyse du site. Le t\u00e9moin stocke les informations de mani\u00e8re anonyme et attribue un num\u00e9ro g\u00e9n\u00e9r\u00e9 de mani\u00e8re al\u00e9atoire pour reconna\u00eetre les visiteurs uniques.<\/td><\/tr><tr><td>_ga_*<\/td><td>1 an 1 mois 4 jour<\/td><td>Google Analytics sets this cookie to store and count page views.<\/td><\/tr><tr><td>sid<\/td><td>session<\/td><td>The sid cookie contains digitally signed and encrypted records of a user\u2019s Google account ID and most recent sign-in time.<\/td><\/tr><tr><td>YSC<\/td><td>session<\/td><td>YouTube place ce t\u00e9moin pour suivre les vues des vid\u00e9os int\u00e9gr\u00e9es dans les pages YouTube.<\/td><\/tr><\/tbody><\/table><\/figure>\n\n\n\n<p><strong>Publicitaires (tiers)<\/strong><\/p>\n\n\n\n<p>Les cookies de publicit\u00e9 sont utilis\u00e9s pour fournir aux visiteurs des publicit\u00e9s personnalis\u00e9es bas\u00e9es sur les pages visit\u00e9es pr\u00e9c\u00e9demment et analyser l&rsquo;efficacit\u00e9 de la campagne publicitaire.<\/p>\n\n\n\n<figure class=\"wp-block-table\"><table class=\"has-fixed-layout\"><thead><tr><th>Cookie<\/th><th>Duration<\/th><th>Description<\/th><\/tr><\/thead><tbody><tr><td>yt.innertube::nextId<\/td><td>N&rsquo;expire jamais<\/td><td>YouTube utilise ce t\u00e9moin pour enregistrer un identifiant unique afin de stocker des donn\u00e9es sur les vid\u00e9os de YouTube que l\u2019utilisateur a vues.<\/td><\/tr><tr><td>yt.innertube::requests<\/td><td>N&rsquo;expire jamais<\/td><td>YouTube utilise ce t\u00e9moin pour enregistrer un identifiant unique afin de stocker des donn\u00e9es sur les vid\u00e9os de YouTube que l\u2019utilisateur a vues.<\/td><\/tr><\/tbody><\/table><\/figure>\n\n\n\n<h3 class=\"wp-block-heading\">5 &#8211; G\u00e9rer les pr\u00e9f\u00e9rences de cookies<\/h3>\n\n\n\n<div class=\"wp-block-buttons is-layout-flex wp-block-buttons-is-layout-flex\">\n<div class=\"wp-block-button cky-banner-element\"><a class=\"wp-block-button__link has-custom-noir-rorqual-color has-primary-background-color has-text-color has-background has-link-color wp-element-button\">Pr\u00e9f\u00e9rences de consentement<\/a><\/div>\n<\/div>\n\n\n\n<p class=\"cky-banner-element\">Vous pouvez modifier vos param\u00e8tres de cookies \u00e0 tout moment en cliquant sur le bouton \u00ab Pr\u00e9f\u00e9rences de consentement \u00bb ci-dessus. Cela vous permettra de revenir sur la banni\u00e8re de consentement aux cookies, de mettre \u00e0 jour vos pr\u00e9f\u00e9rences ou de retirer imm\u00e9diatement votre consentement.<\/p>\n\n\n\n<p>De plus, vous pouvez utiliser votre navigateur internet pour supprimer automatiquement ou manuellement des cookies. Vous pouvez \u00e9galement pr\u00e9ciser que certains cookies ne doivent pas \u00eatre plac\u00e9s. Une autre option est de modifier les r\u00e9glages de votre navigateur Internet afin de recevoir un message \u00e0 chaque fois qu\u2019un cookie est plac\u00e9. Pour plus d\u2019informations \u00e0 propos de ces options, veuillez vous r\u00e9f\u00e9rer aux instructions dans la section Aide de votre navigateur. La dur\u00e9e de conservation des informations contenues dans les cookies de votre ordinateur est de 13 mois maximum. Une fois ce d\u00e9lai \u00e9coul\u00e9, un bandeau appara\u00eetra pour recueillir \u00e0 nouveau votre consentement.<\/p>\n\n\n\n<p><strong>Comment modifier les param\u00e8tres de vos cookies avec<\/strong>&nbsp;:<\/p>\n\n\n\n<ol class=\"wp-block-list\">\n<li><a href=\"https:\/\/support.mozilla.org\/fr\/kb\/cookies-informations-sites-enregistrent?redirectlocale=en-US&amp;redirectslug=Cookies\" target=\"_blank\" rel=\"noreferrer noopener\">Firefox<\/a><\/li>\n\n\n\n<li><a href=\"https:\/\/support.google.com\/chrome\/answer\/95647?hl=fr&amp;ref_topic=3421433\" target=\"_blank\" rel=\"noreferrer noopener\">Chrome<\/a><\/li>\n\n\n\n<li><a href=\"http:\/\/support.apple.com\/kb\/PH17191?viewlocale=fr_FR\" target=\"_blank\" rel=\"noreferrer noopener\">Safari<\/a><\/li>\n\n\n\n<li><a href=\"http:\/\/support.apple.com\/kb\/HT1677?viewlocale=fr_FR\" target=\"_blank\" rel=\"noreferrer noopener\">iPhone et iPad<\/a><\/li>\n\n\n\n<li><a href=\"http:\/\/help.opera.com\/Mac\/12.10\/fr\/deleteprivate.html\" target=\"_blank\" rel=\"noreferrer noopener\">Opera<\/a><\/li>\n\n\n\n<li><a href=\"https:\/\/support.microsoft.com\/fr-fr\/windows\/g%C3%A9rer-les-cookies-dans-microsoft-edge-afficher-autoriser-bloquer-supprimer-et-utiliser-168dab11-0753-043d-7c16-ede5947fc64d#ie=ie-11\" target=\"_blank\" rel=\"noreferrer noopener\">Edge<\/a><\/li>\n<\/ol>\n\n\n\n<p>Si vous utilisez un autre navigateur, veuillez vous r\u00e9f\u00e9rer \u00e0 sa documentation officielle.<\/p>\n\n\n\n<p><em>Politique de cookies mise en place avec\u00a0<a href=\"https:\/\/www.cookieyes.com\/?utm_source=CP&amp;utm_medium=footer&amp;utm_campaign=UW\" target=\"_blank\" rel=\"noreferrer noopener\">CookieYes<\/a><\/em><\/p>\n\n\n\n<div style=\"height:100px\" aria-hidden=\"true\" class=\"wp-block-spacer\"><\/div>","protected":false},"excerpt":{"rendered":"<p>Cookies et confidentialit\u00e9 Derni\u00e8re mise \u00e0 jour de la politique de confidentialit\u00e9 : 4 novembre 2025 1 \u2013 Introduction Notre site web, rorqual.studio (ci-apr\u00e8s : \u00ab le site web \u00bb) utilise des cookies et autres technologies li\u00e9es (par simplification, toutes ces technologies sont d\u00e9sign\u00e9es par le terme \u00ab cookies \u00bb). Des cookies sont \u00e9galement plac\u00e9s [&hellip;]<\/p>\n","protected":false},"author":1,"featured_media":1514,"parent":0,"menu_order":0,"comment_status":"closed","ping_status":"closed","template":"page-without-title","meta":{"footnotes":""},"class_list":["post-1042","page","type-page","status-publish","has-post-thumbnail","hentry"],"aioseo_notices":[],"_links":{"self":[{"href":"https:\/\/rorqual.studio\/en\/wp-json\/wp\/v2\/pages\/1042","targetHints":{"allow":["GET"]}}],"collection":[{"href":"https:\/\/rorqual.studio\/en\/wp-json\/wp\/v2\/pages"}],"about":[{"href":"https:\/\/rorqual.studio\/en\/wp-json\/wp\/v2\/types\/page"}],"author":[{"embeddable":true,"href":"https:\/\/rorqual.studio\/en\/wp-json\/wp\/v2\/users\/1"}],"replies":[{"embeddable":true,"href":"https:\/\/rorqual.studio\/en\/wp-json\/wp\/v2\/comments?post=1042"}],"version-history":[{"count":19,"href":"https:\/\/rorqual.studio\/en\/wp-json\/wp\/v2\/pages\/1042\/revisions"}],"predecessor-version":[{"id":1882,"href":"https:\/\/rorqual.studio\/en\/wp-json\/wp\/v2\/pages\/1042\/revisions\/1882"}],"wp:featuredmedia":[{"embeddable":true,"href":"https:\/\/rorqual.studio\/en\/wp-json\/wp\/v2\/media\/1514"}],"wp:attachment":[{"href":"https:\/\/rorqual.studio\/en\/wp-json\/wp\/v2\/media?parent=1042"}],"curies":[{"name":"wp","href":"https:\/\/api.w.org\/{rel}","templated":true}]}}